{"id":241,"date":"2022-05-26T18:44:03","date_gmt":"2022-05-26T18:44:03","guid":{"rendered":"https:\/\/icenit.ai\/?page_id=241"},"modified":"2022-06-08T20:27:50","modified_gmt":"2022-06-08T20:27:50","slug":"analisis-malos-actores","status":"publish","type":"page","link":"https:\/\/icenit.ai\/?page_id=241","title":{"rendered":"An\u00e1lisis Malos Actores"},"content":{"rendered":"\t\t<div data-elementor-type=\"wp-page\" data-elementor-id=\"241\" class=\"elementor elementor-241\">\n\t\t\t\t\t\t<section class=\"elementor-section elementor-top-section elementor-element elementor-element-659bea64 elementor-section-full_width elementor-section-height-default elementor-section-height-default\" data-id=\"659bea64\" data-element_type=\"section\" data-settings=\"{&quot;background_background&quot;:&quot;gradient&quot;}\">\n\t\t\t\t\t\t<div class=\"elementor-container elementor-column-gap-default\">\n\t\t\t\t\t<div class=\"elementor-column elementor-col-100 elementor-top-column elementor-element elementor-element-4fb21a3c\" data-id=\"4fb21a3c\" data-element_type=\"column\">\n\t\t\t<div class=\"elementor-widget-wrap elementor-element-populated\">\n\t\t\t\t\t\t<div class=\"elementor-element elementor-element-34ff9756 elementor-widget__width-initial elementor-absolute elementor-view-default elementor-widget elementor-widget-icon\" data-id=\"34ff9756\" data-element_type=\"widget\" data-settings=\"{&quot;_position&quot;:&quot;absolute&quot;}\" data-widget_type=\"icon.default\">\n\t\t\t\t<div class=\"elementor-widget-container\">\n\t\t\t\t\t<div class=\"elementor-icon-wrapper\">\n\t\t\t<a class=\"elementor-icon\" href=\"https:\/\/icenit.ai\">\n\t\t\t<svg xmlns=\"http:\/\/www.w3.org\/2000\/svg\" width=\"43\" height=\"43\" viewBox=\"0 0 43 43\" fill=\"none\"><path d=\"M5.93934 20.9393C5.35355 21.5251 5.35355 22.4749 5.93934 23.0607L15.4853 32.6066C16.0711 33.1924 17.0208 33.1924 17.6066 32.6066C18.1924 32.0208 18.1924 31.0711 17.6066 30.4853L9.12132 22L17.6066 13.5147C18.1924 12.9289 18.1924 11.9792 17.6066 11.3934C17.0208 10.8076 16.0711 10.8076 15.4853 11.3934L5.93934 20.9393ZM35 20.5L7 20.5V23.5L35 23.5V20.5Z\" fill=\"white\"><\/path><\/svg>\t\t\t<\/a>\n\t\t<\/div>\n\t\t\t\t<\/div>\n\t\t\t\t<\/div>\n\t\t\t\t<div class=\"elementor-element elementor-element-786ab8b1 elementor-widget__width-auto elementor-widget elementor-widget-heading\" data-id=\"786ab8b1\" data-element_type=\"widget\" data-widget_type=\"heading.default\">\n\t\t\t\t<div class=\"elementor-widget-container\">\n\t\t\t<style>\/*! elementor - v3.23.0 - 05-08-2024 *\/\n.elementor-heading-title{padding:0;margin:0;line-height:1}.elementor-widget-heading .elementor-heading-title[class*=elementor-size-]>a{color:inherit;font-size:inherit;line-height:inherit}.elementor-widget-heading .elementor-heading-title.elementor-size-small{font-size:15px}.elementor-widget-heading .elementor-heading-title.elementor-size-medium{font-size:19px}.elementor-widget-heading .elementor-heading-title.elementor-size-large{font-size:29px}.elementor-widget-heading .elementor-heading-title.elementor-size-xl{font-size:39px}.elementor-widget-heading .elementor-heading-title.elementor-size-xxl{font-size:59px}<\/style><h2 class=\"elementor-heading-title elementor-size-default\"> <h style=\"color:#FFFFFF\">  An\u00e1lisis  <\/h>Malos Actores<\/h2>\t\t<\/div>\n\t\t\t\t<\/div>\n\t\t\t\t<section class=\"elementor-section elementor-inner-section elementor-element elementor-element-6015701f elementor-section-full_width elementor-reverse-mobile elementor-section-height-default elementor-section-height-default\" data-id=\"6015701f\" data-element_type=\"section\">\n\t\t\t\t\t\t<div class=\"elementor-container elementor-column-gap-default\">\n\t\t\t\t\t<div class=\"elementor-column elementor-col-50 elementor-inner-column elementor-element elementor-element-3e5d77ac\" data-id=\"3e5d77ac\" data-element_type=\"column\" data-settings=\"{&quot;background_background&quot;:&quot;classic&quot;}\">\n\t\t\t<div class=\"elementor-widget-wrap elementor-element-populated\">\n\t\t\t\t\t\t<div class=\"elementor-element elementor-element-73ea359 elementor-widget elementor-widget-image\" data-id=\"73ea359\" data-element_type=\"widget\" data-widget_type=\"image.default\">\n\t\t\t\t<div class=\"elementor-widget-container\">\n\t\t\t<style>\/*! elementor - v3.23.0 - 05-08-2024 *\/\n.elementor-widget-image{text-align:center}.elementor-widget-image a{display:inline-block}.elementor-widget-image a img[src$=\".svg\"]{width:48px}.elementor-widget-image img{vertical-align:middle;display:inline-block}<\/style>\t\t\t\t\t\t\t\t\t\t<img fetchpriority=\"high\" width=\"1824\" height=\"1878\" src=\"https:\/\/icenit.ai\/wp-content\/uploads\/2022\/06\/3-1-1.png\" class=\"attachment-full size-full wp-image-773\" alt=\"\" srcset=\"https:\/\/icenit.ai\/wp-content\/uploads\/2022\/06\/3-1-1.png 1824w, https:\/\/icenit.ai\/wp-content\/uploads\/2022\/06\/3-1-1-291x300.png 291w, https:\/\/icenit.ai\/wp-content\/uploads\/2022\/06\/3-1-1-995x1024.png 995w, https:\/\/icenit.ai\/wp-content\/uploads\/2022\/06\/3-1-1-768x791.png 768w, https:\/\/icenit.ai\/wp-content\/uploads\/2022\/06\/3-1-1-1492x1536.png 1492w\" sizes=\"(max-width: 1824px) 100vw, 1824px\" \/>\t\t\t\t\t\t\t\t\t\t\t\t\t<\/div>\n\t\t\t\t<\/div>\n\t\t\t\t\t<\/div>\n\t\t<\/div>\n\t\t\t\t<div class=\"elementor-column elementor-col-50 elementor-inner-column elementor-element elementor-element-501d78f0\" data-id=\"501d78f0\" data-element_type=\"column\">\n\t\t\t<div class=\"elementor-widget-wrap elementor-element-populated\">\n\t\t\t\t\t\t<div class=\"elementor-element elementor-element-1eec1193 elementor-widget elementor-widget-text-editor\" data-id=\"1eec1193\" data-element_type=\"widget\" data-widget_type=\"text-editor.default\">\n\t\t\t\t<div class=\"elementor-widget-container\">\n\t\t\t<style>\/*! elementor - v3.23.0 - 05-08-2024 *\/\n.elementor-widget-text-editor.elementor-drop-cap-view-stacked .elementor-drop-cap{background-color:#69727d;color:#fff}.elementor-widget-text-editor.elementor-drop-cap-view-framed .elementor-drop-cap{color:#69727d;border:3px solid;background-color:transparent}.elementor-widget-text-editor:not(.elementor-drop-cap-view-default) .elementor-drop-cap{margin-top:8px}.elementor-widget-text-editor:not(.elementor-drop-cap-view-default) .elementor-drop-cap-letter{width:1em;height:1em}.elementor-widget-text-editor .elementor-drop-cap{float:left;text-align:center;line-height:1;font-size:50px}.elementor-widget-text-editor .elementor-drop-cap-letter{display:inline-block}<\/style>\t\t\t\t<ul><li>Identificaci\u00f3n de malos actores individuales o factores precursores de incidentes.<br \/><br \/><\/li><li>Identificaci\u00f3n de situaciones mal actor a trav\u00e9s de convergencia de eventos y par\u00e1metros.<br \/><br \/><\/li><li>Alimentado por miles de registro de eventos e investigaciones de diferentes industrias y algoritmo de IA. <br \/><br \/><\/li><li>Identificaci\u00f3n y alerta ante de degradaci\u00f3n de controles.<br \/><br \/><\/li><li>Busca evidenciar hallazgos que permitan crear aprendizaje en la organizaci\u00f3n con el fin de disminuir los incidentes y accidentes modificando matrices de riesgos en forma autom\u00e1tica.<br \/><br \/><\/li><li>Reportes Sankey automatizados.<\/li><\/ul>\t\t\t\t\t\t<\/div>\n\t\t\t\t<\/div>\n\t\t\t\t\t<\/div>\n\t\t<\/div>\n\t\t\t\t\t<\/div>\n\t\t<\/section>\n\t\t\t\t\t<\/div>\n\t\t<\/div>\n\t\t\t\t\t<\/div>\n\t\t<\/section>\n\t\t\t\t<\/div>\n\t\t","protected":false},"excerpt":{"rendered":"<p>An\u00e1lisis Malos Actores Identificaci\u00f3n de malos actores individuales o factores precursores de incidentes. Identificaci\u00f3n de situaciones mal actor a trav\u00e9s de convergencia de eventos y par\u00e1metros. Alimentado por miles de registro de eventos e investigaciones de diferentes industrias y algoritmo de IA. Identificaci\u00f3n y alerta ante de degradaci\u00f3n de controles. Busca evidenciar hallazgos que permitan [&hellip;]<\/p>\n","protected":false},"author":1,"featured_media":0,"parent":0,"menu_order":0,"comment_status":"closed","ping_status":"closed","template":"elementor_header_footer","meta":[],"yoast_head":"<!-- This site is optimized with the Yoast SEO plugin v19.6 - https:\/\/yoast.com\/wordpress\/plugins\/seo\/ -->\n<title>An\u00e1lisis Malos Actores - iCenit<\/title>\n<meta name=\"robots\" content=\"index, follow, max-snippet:-1, max-image-preview:large, max-video-preview:-1\" \/>\n<link rel=\"canonical\" href=\"https:\/\/icenit.ai\/?page_id=241\" \/>\n<meta property=\"og:locale\" content=\"es_ES\" \/>\n<meta property=\"og:type\" content=\"article\" \/>\n<meta property=\"og:title\" content=\"An\u00e1lisis Malos Actores - iCenit\" \/>\n<meta property=\"og:description\" content=\"An\u00e1lisis Malos Actores Identificaci\u00f3n de malos actores individuales o factores precursores de incidentes. Identificaci\u00f3n de situaciones mal actor a trav\u00e9s de convergencia de eventos y par\u00e1metros. Alimentado por miles de registro de eventos e investigaciones de diferentes industrias y algoritmo de IA. Identificaci\u00f3n y alerta ante de degradaci\u00f3n de controles. Busca evidenciar hallazgos que permitan [&hellip;]\" \/>\n<meta property=\"og:url\" content=\"https:\/\/icenit.ai\/?page_id=241\" \/>\n<meta property=\"og:site_name\" content=\"iCenit\" \/>\n<meta property=\"article:modified_time\" content=\"2022-06-08T20:27:50+00:00\" \/>\n<meta property=\"og:image\" content=\"https:\/\/icenit.ai\/wp-content\/uploads\/2022\/06\/3-1-1.png\" \/>\n<meta name=\"twitter:card\" content=\"summary_large_image\" \/>\n<script type=\"application\/ld+json\" class=\"yoast-schema-graph\">{\"@context\":\"https:\/\/schema.org\",\"@graph\":[{\"@type\":\"WebPage\",\"@id\":\"https:\/\/icenit.ai\/?page_id=241\",\"url\":\"https:\/\/icenit.ai\/?page_id=241\",\"name\":\"An\u00e1lisis Malos Actores - iCenit\",\"isPartOf\":{\"@id\":\"https:\/\/icenit.ai\/#website\"},\"datePublished\":\"2022-05-26T18:44:03+00:00\",\"dateModified\":\"2022-06-08T20:27:50+00:00\",\"breadcrumb\":{\"@id\":\"https:\/\/icenit.ai\/?page_id=241#breadcrumb\"},\"inLanguage\":\"es\",\"potentialAction\":[{\"@type\":\"ReadAction\",\"target\":[\"https:\/\/icenit.ai\/?page_id=241\"]}]},{\"@type\":\"BreadcrumbList\",\"@id\":\"https:\/\/icenit.ai\/?page_id=241#breadcrumb\",\"itemListElement\":[{\"@type\":\"ListItem\",\"position\":1,\"name\":\"Portada\",\"item\":\"https:\/\/icenit.ai\/\"},{\"@type\":\"ListItem\",\"position\":2,\"name\":\"An\u00e1lisis Malos Actores\"}]},{\"@type\":\"WebSite\",\"@id\":\"https:\/\/icenit.ai\/#website\",\"url\":\"https:\/\/icenit.ai\/\",\"name\":\"iCenit\",\"description\":\"IA APLICADA A ESTAD\u00cdSTICA AVANZADA HSE\",\"publisher\":{\"@id\":\"https:\/\/icenit.ai\/#organization\"},\"potentialAction\":[{\"@type\":\"SearchAction\",\"target\":{\"@type\":\"EntryPoint\",\"urlTemplate\":\"https:\/\/icenit.ai\/?s={search_term_string}\"},\"query-input\":\"required name=search_term_string\"}],\"inLanguage\":\"es\"},{\"@type\":\"Organization\",\"@id\":\"https:\/\/icenit.ai\/#organization\",\"name\":\"iCenit\",\"url\":\"https:\/\/icenit.ai\/\",\"sameAs\":[],\"logo\":{\"@type\":\"ImageObject\",\"inLanguage\":\"es\",\"@id\":\"https:\/\/icenit.ai\/#\/schema\/logo\/image\/\",\"url\":\"https:\/\/icenit.ai\/wp-content\/uploads\/2022\/05\/logo-icenit-1.png\",\"contentUrl\":\"https:\/\/icenit.ai\/wp-content\/uploads\/2022\/05\/logo-icenit-1.png\",\"width\":380,\"height\":124,\"caption\":\"iCenit\"},\"image\":{\"@id\":\"https:\/\/icenit.ai\/#\/schema\/logo\/image\/\"}}]}<\/script>\n<!-- \/ Yoast SEO plugin. -->","yoast_head_json":{"title":"An\u00e1lisis Malos Actores - iCenit","robots":{"index":"index","follow":"follow","max-snippet":"max-snippet:-1","max-image-preview":"max-image-preview:large","max-video-preview":"max-video-preview:-1"},"canonical":"https:\/\/icenit.ai\/?page_id=241","og_locale":"es_ES","og_type":"article","og_title":"An\u00e1lisis Malos Actores - iCenit","og_description":"An\u00e1lisis Malos Actores Identificaci\u00f3n de malos actores individuales o factores precursores de incidentes. Identificaci\u00f3n de situaciones mal actor a trav\u00e9s de convergencia de eventos y par\u00e1metros. Alimentado por miles de registro de eventos e investigaciones de diferentes industrias y algoritmo de IA. Identificaci\u00f3n y alerta ante de degradaci\u00f3n de controles. Busca evidenciar hallazgos que permitan [&hellip;]","og_url":"https:\/\/icenit.ai\/?page_id=241","og_site_name":"iCenit","article_modified_time":"2022-06-08T20:27:50+00:00","og_image":[{"url":"https:\/\/icenit.ai\/wp-content\/uploads\/2022\/06\/3-1-1.png"}],"twitter_card":"summary_large_image","schema":{"@context":"https:\/\/schema.org","@graph":[{"@type":"WebPage","@id":"https:\/\/icenit.ai\/?page_id=241","url":"https:\/\/icenit.ai\/?page_id=241","name":"An\u00e1lisis Malos Actores - iCenit","isPartOf":{"@id":"https:\/\/icenit.ai\/#website"},"datePublished":"2022-05-26T18:44:03+00:00","dateModified":"2022-06-08T20:27:50+00:00","breadcrumb":{"@id":"https:\/\/icenit.ai\/?page_id=241#breadcrumb"},"inLanguage":"es","potentialAction":[{"@type":"ReadAction","target":["https:\/\/icenit.ai\/?page_id=241"]}]},{"@type":"BreadcrumbList","@id":"https:\/\/icenit.ai\/?page_id=241#breadcrumb","itemListElement":[{"@type":"ListItem","position":1,"name":"Portada","item":"https:\/\/icenit.ai\/"},{"@type":"ListItem","position":2,"name":"An\u00e1lisis Malos Actores"}]},{"@type":"WebSite","@id":"https:\/\/icenit.ai\/#website","url":"https:\/\/icenit.ai\/","name":"iCenit","description":"IA APLICADA A ESTAD\u00cdSTICA AVANZADA HSE","publisher":{"@id":"https:\/\/icenit.ai\/#organization"},"potentialAction":[{"@type":"SearchAction","target":{"@type":"EntryPoint","urlTemplate":"https:\/\/icenit.ai\/?s={search_term_string}"},"query-input":"required name=search_term_string"}],"inLanguage":"es"},{"@type":"Organization","@id":"https:\/\/icenit.ai\/#organization","name":"iCenit","url":"https:\/\/icenit.ai\/","sameAs":[],"logo":{"@type":"ImageObject","inLanguage":"es","@id":"https:\/\/icenit.ai\/#\/schema\/logo\/image\/","url":"https:\/\/icenit.ai\/wp-content\/uploads\/2022\/05\/logo-icenit-1.png","contentUrl":"https:\/\/icenit.ai\/wp-content\/uploads\/2022\/05\/logo-icenit-1.png","width":380,"height":124,"caption":"iCenit"},"image":{"@id":"https:\/\/icenit.ai\/#\/schema\/logo\/image\/"}}]}},"_links":{"self":[{"href":"https:\/\/icenit.ai\/index.php?rest_route=\/wp\/v2\/pages\/241"}],"collection":[{"href":"https:\/\/icenit.ai\/index.php?rest_route=\/wp\/v2\/pages"}],"about":[{"href":"https:\/\/icenit.ai\/index.php?rest_route=\/wp\/v2\/types\/page"}],"author":[{"embeddable":true,"href":"https:\/\/icenit.ai\/index.php?rest_route=\/wp\/v2\/users\/1"}],"replies":[{"embeddable":true,"href":"https:\/\/icenit.ai\/index.php?rest_route=%2Fwp%2Fv2%2Fcomments&post=241"}],"version-history":[{"count":42,"href":"https:\/\/icenit.ai\/index.php?rest_route=\/wp\/v2\/pages\/241\/revisions"}],"predecessor-version":[{"id":899,"href":"https:\/\/icenit.ai\/index.php?rest_route=\/wp\/v2\/pages\/241\/revisions\/899"}],"wp:attachment":[{"href":"https:\/\/icenit.ai\/index.php?rest_route=%2Fwp%2Fv2%2Fmedia&parent=241"}],"curies":[{"name":"wp","href":"https:\/\/api.w.org\/{rel}","templated":true}]}}