{"id":260,"date":"2022-05-26T18:56:44","date_gmt":"2022-05-26T18:56:44","guid":{"rendered":"https:\/\/icenit.ai\/?page_id=260"},"modified":"2022-06-10T12:21:11","modified_gmt":"2022-06-10T12:21:11","slug":"prediccion-de-accidentes","status":"publish","type":"page","link":"https:\/\/icenit.ai\/?page_id=260","title":{"rendered":"Predicci\u00f3n de Accidentes"},"content":{"rendered":"\t\t<div data-elementor-type=\"wp-page\" data-elementor-id=\"260\" class=\"elementor elementor-260\">\n\t\t\t\t\t\t<section class=\"elementor-section elementor-top-section elementor-element elementor-element-4e461e10 elementor-section-full_width elementor-section-height-default elementor-section-height-default\" data-id=\"4e461e10\" data-element_type=\"section\" data-settings=\"{&quot;background_background&quot;:&quot;gradient&quot;}\">\n\t\t\t\t\t\t<div class=\"elementor-container elementor-column-gap-default\">\n\t\t\t\t\t<div class=\"elementor-column elementor-col-100 elementor-top-column elementor-element elementor-element-a7d22d6\" data-id=\"a7d22d6\" data-element_type=\"column\">\n\t\t\t<div class=\"elementor-widget-wrap elementor-element-populated\">\n\t\t\t\t\t\t<div class=\"elementor-element elementor-element-440faa05 elementor-widget__width-initial elementor-absolute elementor-view-default elementor-widget elementor-widget-icon\" data-id=\"440faa05\" data-element_type=\"widget\" data-settings=\"{&quot;_position&quot;:&quot;absolute&quot;}\" data-widget_type=\"icon.default\">\n\t\t\t\t<div class=\"elementor-widget-container\">\n\t\t\t\t\t<div class=\"elementor-icon-wrapper\">\n\t\t\t<a class=\"elementor-icon\" href=\"https:\/\/icenit.ai\">\n\t\t\t<svg xmlns=\"http:\/\/www.w3.org\/2000\/svg\" width=\"43\" height=\"43\" viewBox=\"0 0 43 43\" fill=\"none\"><path d=\"M5.93934 20.9393C5.35355 21.5251 5.35355 22.4749 5.93934 23.0607L15.4853 32.6066C16.0711 33.1924 17.0208 33.1924 17.6066 32.6066C18.1924 32.0208 18.1924 31.0711 17.6066 30.4853L9.12132 22L17.6066 13.5147C18.1924 12.9289 18.1924 11.9792 17.6066 11.3934C17.0208 10.8076 16.0711 10.8076 15.4853 11.3934L5.93934 20.9393ZM35 20.5L7 20.5V23.5L35 23.5V20.5Z\" fill=\"white\"><\/path><\/svg>\t\t\t<\/a>\n\t\t<\/div>\n\t\t\t\t<\/div>\n\t\t\t\t<\/div>\n\t\t\t\t<div class=\"elementor-element elementor-element-3cc6a3f7 elementor-widget__width-auto elementor-widget elementor-widget-heading\" data-id=\"3cc6a3f7\" data-element_type=\"widget\" data-widget_type=\"heading.default\">\n\t\t\t\t<div class=\"elementor-widget-container\">\n\t\t\t<style>\/*! elementor - v3.23.0 - 05-08-2024 *\/\n.elementor-heading-title{padding:0;margin:0;line-height:1}.elementor-widget-heading .elementor-heading-title[class*=elementor-size-]>a{color:inherit;font-size:inherit;line-height:inherit}.elementor-widget-heading .elementor-heading-title.elementor-size-small{font-size:15px}.elementor-widget-heading .elementor-heading-title.elementor-size-medium{font-size:19px}.elementor-widget-heading .elementor-heading-title.elementor-size-large{font-size:29px}.elementor-widget-heading .elementor-heading-title.elementor-size-xl{font-size:39px}.elementor-widget-heading .elementor-heading-title.elementor-size-xxl{font-size:59px}<\/style><h2 class=\"elementor-heading-title elementor-size-default\"> <h style=\"color:#FFFFFF\">  Predicci\u00f3n de <\/h>Accidentes<\/h2>\t\t<\/div>\n\t\t\t\t<\/div>\n\t\t\t\t<section class=\"elementor-section elementor-inner-section elementor-element elementor-element-351eac95 elementor-section-full_width elementor-section-height-default elementor-section-height-default\" data-id=\"351eac95\" data-element_type=\"section\">\n\t\t\t\t\t\t<div class=\"elementor-container elementor-column-gap-default\">\n\t\t\t\t\t<div class=\"elementor-column elementor-col-50 elementor-inner-column elementor-element elementor-element-1f11c426\" data-id=\"1f11c426\" data-element_type=\"column\">\n\t\t\t<div class=\"elementor-widget-wrap elementor-element-populated\">\n\t\t\t\t\t\t<div class=\"elementor-element elementor-element-4a0a4590 elementor-widget elementor-widget-text-editor\" data-id=\"4a0a4590\" data-element_type=\"widget\" data-widget_type=\"text-editor.default\">\n\t\t\t\t<div class=\"elementor-widget-container\">\n\t\t\t<style>\/*! elementor - v3.23.0 - 05-08-2024 *\/\n.elementor-widget-text-editor.elementor-drop-cap-view-stacked .elementor-drop-cap{background-color:#69727d;color:#fff}.elementor-widget-text-editor.elementor-drop-cap-view-framed .elementor-drop-cap{color:#69727d;border:3px solid;background-color:transparent}.elementor-widget-text-editor:not(.elementor-drop-cap-view-default) .elementor-drop-cap{margin-top:8px}.elementor-widget-text-editor:not(.elementor-drop-cap-view-default) .elementor-drop-cap-letter{width:1em;height:1em}.elementor-widget-text-editor .elementor-drop-cap{float:left;text-align:center;line-height:1;font-size:50px}.elementor-widget-text-editor .elementor-drop-cap-letter{display:inline-block}<\/style>\t\t\t\t<ul><li>Intuye las actividades con alto potencial de riesgo en base a la planificaci\u00f3n. <br \/><br \/><\/li><li>Mapa de calor en base a anal\u00edticos y nuestro score de riesgo James Index\u00ae. <br \/><br \/><\/li><li>Anal\u00edtica avanzada reconoce y relaciona planes, procesos, est\u00e1ndares, controles, incidentes y accidentes del mismo cliente y diferentes industrias. <br \/><br \/><\/li><li>Capacidad prescriptiva del Robot IA James\u00ae seg\u00fan la planificaci\u00f3n y controles. <br \/><br \/><\/li><\/ul>\t\t\t\t\t\t<\/div>\n\t\t\t\t<\/div>\n\t\t\t\t\t<\/div>\n\t\t<\/div>\n\t\t\t\t<div class=\"elementor-column elementor-col-50 elementor-inner-column elementor-element elementor-element-2ee331f0 elementor-hidden-tablet\" data-id=\"2ee331f0\" data-element_type=\"column\" data-settings=\"{&quot;background_background&quot;:&quot;classic&quot;}\">\n\t\t\t<div class=\"elementor-widget-wrap elementor-element-populated\">\n\t\t\t\t\t\t<div class=\"elementor-element elementor-element-2fada0b4 elementor-widget elementor-widget-image\" data-id=\"2fada0b4\" data-element_type=\"widget\" data-widget_type=\"image.default\">\n\t\t\t\t<div class=\"elementor-widget-container\">\n\t\t\t<style>\/*! elementor - v3.23.0 - 05-08-2024 *\/\n.elementor-widget-image{text-align:center}.elementor-widget-image a{display:inline-block}.elementor-widget-image a img[src$=\".svg\"]{width:48px}.elementor-widget-image img{vertical-align:middle;display:inline-block}<\/style>\t\t\t\t\t\t\t\t\t\t<img fetchpriority=\"high\" width=\"2010\" height=\"1926\" src=\"https:\/\/icenit.ai\/wp-content\/uploads\/2022\/06\/4-1.png\" class=\"attachment-full size-full wp-image-774\" alt=\"\" srcset=\"https:\/\/icenit.ai\/wp-content\/uploads\/2022\/06\/4-1.png 2010w, https:\/\/icenit.ai\/wp-content\/uploads\/2022\/06\/4-1-300x287.png 300w, https:\/\/icenit.ai\/wp-content\/uploads\/2022\/06\/4-1-1024x981.png 1024w, https:\/\/icenit.ai\/wp-content\/uploads\/2022\/06\/4-1-768x736.png 768w, https:\/\/icenit.ai\/wp-content\/uploads\/2022\/06\/4-1-1536x1472.png 1536w\" sizes=\"(max-width: 2010px) 100vw, 2010px\" \/>\t\t\t\t\t\t\t\t\t\t\t\t\t<\/div>\n\t\t\t\t<\/div>\n\t\t\t\t\t<\/div>\n\t\t<\/div>\n\t\t\t\t\t<\/div>\n\t\t<\/section>\n\t\t\t\t\t<\/div>\n\t\t<\/div>\n\t\t\t\t\t<\/div>\n\t\t<\/section>\n\t\t\t\t<\/div>\n\t\t","protected":false},"excerpt":{"rendered":"<p>Predicci\u00f3n de Accidentes Intuye las actividades con alto potencial de riesgo en base a la planificaci\u00f3n. Mapa de calor en base a anal\u00edticos y nuestro score de riesgo James Index\u00ae. Anal\u00edtica avanzada reconoce y relaciona planes, procesos, est\u00e1ndares, controles, incidentes y accidentes del mismo cliente y diferentes industrias. Capacidad prescriptiva del Robot IA James\u00ae seg\u00fan [&hellip;]<\/p>\n","protected":false},"author":1,"featured_media":0,"parent":0,"menu_order":0,"comment_status":"closed","ping_status":"closed","template":"elementor_header_footer","meta":[],"yoast_head":"<!-- This site is optimized with the Yoast SEO plugin v19.6 - https:\/\/yoast.com\/wordpress\/plugins\/seo\/ -->\n<title>Predicci\u00f3n de Accidentes - iCenit<\/title>\n<meta name=\"robots\" content=\"index, follow, max-snippet:-1, max-image-preview:large, max-video-preview:-1\" \/>\n<link rel=\"canonical\" href=\"https:\/\/icenit.ai\/?page_id=260\" \/>\n<meta property=\"og:locale\" content=\"es_ES\" \/>\n<meta property=\"og:type\" content=\"article\" \/>\n<meta property=\"og:title\" content=\"Predicci\u00f3n de Accidentes - iCenit\" \/>\n<meta property=\"og:description\" content=\"Predicci\u00f3n de Accidentes Intuye las actividades con alto potencial de riesgo en base a la planificaci\u00f3n. Mapa de calor en base a anal\u00edticos y nuestro score de riesgo James Index\u00ae. Anal\u00edtica avanzada reconoce y relaciona planes, procesos, est\u00e1ndares, controles, incidentes y accidentes del mismo cliente y diferentes industrias. Capacidad prescriptiva del Robot IA James\u00ae seg\u00fan [&hellip;]\" \/>\n<meta property=\"og:url\" content=\"https:\/\/icenit.ai\/?page_id=260\" \/>\n<meta property=\"og:site_name\" content=\"iCenit\" \/>\n<meta property=\"article:modified_time\" content=\"2022-06-10T12:21:11+00:00\" \/>\n<meta property=\"og:image\" content=\"https:\/\/icenit.ai\/wp-content\/uploads\/2022\/06\/4-1.png\" \/>\n<meta name=\"twitter:card\" content=\"summary_large_image\" \/>\n<meta name=\"twitter:label1\" content=\"Tiempo de lectura\" \/>\n\t<meta name=\"twitter:data1\" content=\"1 minuto\" \/>\n<script type=\"application\/ld+json\" class=\"yoast-schema-graph\">{\"@context\":\"https:\/\/schema.org\",\"@graph\":[{\"@type\":\"WebPage\",\"@id\":\"https:\/\/icenit.ai\/?page_id=260\",\"url\":\"https:\/\/icenit.ai\/?page_id=260\",\"name\":\"Predicci\u00f3n de Accidentes - iCenit\",\"isPartOf\":{\"@id\":\"https:\/\/icenit.ai\/#website\"},\"datePublished\":\"2022-05-26T18:56:44+00:00\",\"dateModified\":\"2022-06-10T12:21:11+00:00\",\"breadcrumb\":{\"@id\":\"https:\/\/icenit.ai\/?page_id=260#breadcrumb\"},\"inLanguage\":\"es\",\"potentialAction\":[{\"@type\":\"ReadAction\",\"target\":[\"https:\/\/icenit.ai\/?page_id=260\"]}]},{\"@type\":\"BreadcrumbList\",\"@id\":\"https:\/\/icenit.ai\/?page_id=260#breadcrumb\",\"itemListElement\":[{\"@type\":\"ListItem\",\"position\":1,\"name\":\"Portada\",\"item\":\"https:\/\/icenit.ai\/\"},{\"@type\":\"ListItem\",\"position\":2,\"name\":\"Predicci\u00f3n de Accidentes\"}]},{\"@type\":\"WebSite\",\"@id\":\"https:\/\/icenit.ai\/#website\",\"url\":\"https:\/\/icenit.ai\/\",\"name\":\"iCenit\",\"description\":\"IA APLICADA A ESTAD\u00cdSTICA AVANZADA HSE\",\"publisher\":{\"@id\":\"https:\/\/icenit.ai\/#organization\"},\"potentialAction\":[{\"@type\":\"SearchAction\",\"target\":{\"@type\":\"EntryPoint\",\"urlTemplate\":\"https:\/\/icenit.ai\/?s={search_term_string}\"},\"query-input\":\"required name=search_term_string\"}],\"inLanguage\":\"es\"},{\"@type\":\"Organization\",\"@id\":\"https:\/\/icenit.ai\/#organization\",\"name\":\"iCenit\",\"url\":\"https:\/\/icenit.ai\/\",\"sameAs\":[],\"logo\":{\"@type\":\"ImageObject\",\"inLanguage\":\"es\",\"@id\":\"https:\/\/icenit.ai\/#\/schema\/logo\/image\/\",\"url\":\"https:\/\/icenit.ai\/wp-content\/uploads\/2022\/05\/logo-icenit-1.png\",\"contentUrl\":\"https:\/\/icenit.ai\/wp-content\/uploads\/2022\/05\/logo-icenit-1.png\",\"width\":380,\"height\":124,\"caption\":\"iCenit\"},\"image\":{\"@id\":\"https:\/\/icenit.ai\/#\/schema\/logo\/image\/\"}}]}<\/script>\n<!-- \/ Yoast SEO plugin. -->","yoast_head_json":{"title":"Predicci\u00f3n de Accidentes - iCenit","robots":{"index":"index","follow":"follow","max-snippet":"max-snippet:-1","max-image-preview":"max-image-preview:large","max-video-preview":"max-video-preview:-1"},"canonical":"https:\/\/icenit.ai\/?page_id=260","og_locale":"es_ES","og_type":"article","og_title":"Predicci\u00f3n de Accidentes - iCenit","og_description":"Predicci\u00f3n de Accidentes Intuye las actividades con alto potencial de riesgo en base a la planificaci\u00f3n. Mapa de calor en base a anal\u00edticos y nuestro score de riesgo James Index\u00ae. Anal\u00edtica avanzada reconoce y relaciona planes, procesos, est\u00e1ndares, controles, incidentes y accidentes del mismo cliente y diferentes industrias. Capacidad prescriptiva del Robot IA James\u00ae seg\u00fan [&hellip;]","og_url":"https:\/\/icenit.ai\/?page_id=260","og_site_name":"iCenit","article_modified_time":"2022-06-10T12:21:11+00:00","og_image":[{"url":"https:\/\/icenit.ai\/wp-content\/uploads\/2022\/06\/4-1.png"}],"twitter_card":"summary_large_image","twitter_misc":{"Tiempo de lectura":"1 minuto"},"schema":{"@context":"https:\/\/schema.org","@graph":[{"@type":"WebPage","@id":"https:\/\/icenit.ai\/?page_id=260","url":"https:\/\/icenit.ai\/?page_id=260","name":"Predicci\u00f3n de Accidentes - iCenit","isPartOf":{"@id":"https:\/\/icenit.ai\/#website"},"datePublished":"2022-05-26T18:56:44+00:00","dateModified":"2022-06-10T12:21:11+00:00","breadcrumb":{"@id":"https:\/\/icenit.ai\/?page_id=260#breadcrumb"},"inLanguage":"es","potentialAction":[{"@type":"ReadAction","target":["https:\/\/icenit.ai\/?page_id=260"]}]},{"@type":"BreadcrumbList","@id":"https:\/\/icenit.ai\/?page_id=260#breadcrumb","itemListElement":[{"@type":"ListItem","position":1,"name":"Portada","item":"https:\/\/icenit.ai\/"},{"@type":"ListItem","position":2,"name":"Predicci\u00f3n de Accidentes"}]},{"@type":"WebSite","@id":"https:\/\/icenit.ai\/#website","url":"https:\/\/icenit.ai\/","name":"iCenit","description":"IA APLICADA A ESTAD\u00cdSTICA AVANZADA HSE","publisher":{"@id":"https:\/\/icenit.ai\/#organization"},"potentialAction":[{"@type":"SearchAction","target":{"@type":"EntryPoint","urlTemplate":"https:\/\/icenit.ai\/?s={search_term_string}"},"query-input":"required name=search_term_string"}],"inLanguage":"es"},{"@type":"Organization","@id":"https:\/\/icenit.ai\/#organization","name":"iCenit","url":"https:\/\/icenit.ai\/","sameAs":[],"logo":{"@type":"ImageObject","inLanguage":"es","@id":"https:\/\/icenit.ai\/#\/schema\/logo\/image\/","url":"https:\/\/icenit.ai\/wp-content\/uploads\/2022\/05\/logo-icenit-1.png","contentUrl":"https:\/\/icenit.ai\/wp-content\/uploads\/2022\/05\/logo-icenit-1.png","width":380,"height":124,"caption":"iCenit"},"image":{"@id":"https:\/\/icenit.ai\/#\/schema\/logo\/image\/"}}]}},"_links":{"self":[{"href":"https:\/\/icenit.ai\/index.php?rest_route=\/wp\/v2\/pages\/260"}],"collection":[{"href":"https:\/\/icenit.ai\/index.php?rest_route=\/wp\/v2\/pages"}],"about":[{"href":"https:\/\/icenit.ai\/index.php?rest_route=\/wp\/v2\/types\/page"}],"author":[{"embeddable":true,"href":"https:\/\/icenit.ai\/index.php?rest_route=\/wp\/v2\/users\/1"}],"replies":[{"embeddable":true,"href":"https:\/\/icenit.ai\/index.php?rest_route=%2Fwp%2Fv2%2Fcomments&post=260"}],"version-history":[{"count":37,"href":"https:\/\/icenit.ai\/index.php?rest_route=\/wp\/v2\/pages\/260\/revisions"}],"predecessor-version":[{"id":935,"href":"https:\/\/icenit.ai\/index.php?rest_route=\/wp\/v2\/pages\/260\/revisions\/935"}],"wp:attachment":[{"href":"https:\/\/icenit.ai\/index.php?rest_route=%2Fwp%2Fv2%2Fmedia&parent=260"}],"curies":[{"name":"wp","href":"https:\/\/api.w.org\/{rel}","templated":true}]}}