{"id":313,"date":"2022-05-27T20:26:32","date_gmt":"2022-05-27T20:26:32","guid":{"rendered":"https:\/\/icenit.ai\/?page_id=313"},"modified":"2022-08-04T18:23:58","modified_gmt":"2022-08-04T18:23:58","slug":"preguntas-frecuentes","status":"publish","type":"page","link":"https:\/\/icenit.ai\/?page_id=313","title":{"rendered":"Preguntas Frecuentes"},"content":{"rendered":"\t\t<div data-elementor-type=\"wp-page\" data-elementor-id=\"313\" class=\"elementor elementor-313\">\n\t\t\t\t\t\t<section class=\"elementor-section elementor-top-section elementor-element elementor-element-cd6d346 elementor-section-boxed elementor-section-height-default elementor-section-height-default\" data-id=\"cd6d346\" data-element_type=\"section\" data-settings=\"{&quot;background_background&quot;:&quot;classic&quot;}\">\n\t\t\t\t\t\t<div class=\"elementor-container elementor-column-gap-default\">\n\t\t\t\t\t<div class=\"elementor-column elementor-col-100 elementor-top-column elementor-element elementor-element-cdf426d\" data-id=\"cdf426d\" data-element_type=\"column\">\n\t\t\t<div class=\"elementor-widget-wrap elementor-element-populated\">\n\t\t\t\t\t\t<div class=\"elementor-element elementor-element-67ea95f elementor-widget__width-auto elementor-widget elementor-widget-heading\" data-id=\"67ea95f\" data-element_type=\"widget\" data-widget_type=\"heading.default\">\n\t\t\t\t<div class=\"elementor-widget-container\">\n\t\t\t<style>\/*! elementor - v3.23.0 - 05-08-2024 *\/\n.elementor-heading-title{padding:0;margin:0;line-height:1}.elementor-widget-heading .elementor-heading-title[class*=elementor-size-]>a{color:inherit;font-size:inherit;line-height:inherit}.elementor-widget-heading .elementor-heading-title.elementor-size-small{font-size:15px}.elementor-widget-heading .elementor-heading-title.elementor-size-medium{font-size:19px}.elementor-widget-heading .elementor-heading-title.elementor-size-large{font-size:29px}.elementor-widget-heading .elementor-heading-title.elementor-size-xl{font-size:39px}.elementor-widget-heading .elementor-heading-title.elementor-size-xxl{font-size:59px}<\/style><h2 class=\"elementor-heading-title elementor-size-default\">Preguntas<\/h2>\t\t<\/div>\n\t\t\t\t<\/div>\n\t\t\t\t<div class=\"elementor-element elementor-element-f4416dc elementor-widget__width-auto elementor-widget elementor-widget-heading\" data-id=\"f4416dc\" data-element_type=\"widget\" data-widget_type=\"heading.default\">\n\t\t\t\t<div class=\"elementor-widget-container\">\n\t\t\t<h2 class=\"elementor-heading-title elementor-size-default\">Frecuentes<\/h2>\t\t<\/div>\n\t\t\t\t<\/div>\n\t\t\t\t<div class=\"elementor-element elementor-element-0ec0fbd elementor-widget elementor-widget-accordion\" data-id=\"0ec0fbd\" data-element_type=\"widget\" data-widget_type=\"accordion.default\">\n\t\t\t\t<div class=\"elementor-widget-container\">\n\t\t\t<style>\/*! elementor - v3.23.0 - 05-08-2024 *\/\n.elementor-accordion{text-align:start}.elementor-accordion .elementor-accordion-item{border:1px solid #d5d8dc}.elementor-accordion .elementor-accordion-item+.elementor-accordion-item{border-top:none}.elementor-accordion .elementor-tab-title{margin:0;padding:15px 20px;font-weight:700;line-height:1;cursor:pointer;outline:none}.elementor-accordion .elementor-tab-title .elementor-accordion-icon{display:inline-block;width:1.5em}.elementor-accordion .elementor-tab-title .elementor-accordion-icon svg{width:1em;height:1em}.elementor-accordion .elementor-tab-title .elementor-accordion-icon.elementor-accordion-icon-right{float:right;text-align:right}.elementor-accordion .elementor-tab-title .elementor-accordion-icon.elementor-accordion-icon-left{float:left;text-align:left}.elementor-accordion .elementor-tab-title .elementor-accordion-icon .elementor-accordion-icon-closed{display:block}.elementor-accordion .elementor-tab-title .elementor-accordion-icon .elementor-accordion-icon-opened,.elementor-accordion .elementor-tab-title.elementor-active .elementor-accordion-icon-closed{display:none}.elementor-accordion .elementor-tab-title.elementor-active .elementor-accordion-icon-opened{display:block}.elementor-accordion .elementor-tab-content{display:none;padding:15px 20px;border-top:1px solid #d5d8dc}@media (max-width:767px){.elementor-accordion .elementor-tab-title{padding:12px 15px}.elementor-accordion .elementor-tab-title .elementor-accordion-icon{width:1.2em}.elementor-accordion .elementor-tab-content{padding:7px 15px}}.e-con-inner>.elementor-widget-accordion,.e-con>.elementor-widget-accordion{width:var(--container-widget-width);--flex-grow:var(--container-widget-flex-grow)}<\/style>\t\t<div class=\"elementor-accordion\">\n\t\t\t\t\t\t\t<div class=\"elementor-accordion-item\">\n\t\t\t\t\t<div id=\"elementor-tab-title-1541\" class=\"elementor-tab-title\" data-tab=\"1\" role=\"button\" aria-controls=\"elementor-tab-content-1541\" aria-expanded=\"false\">\n\t\t\t\t\t\t\t\t\t\t\t\t\t<span class=\"elementor-accordion-icon elementor-accordion-icon-right\" aria-hidden=\"true\">\n\t\t\t\t\t\t\t\t\t\t\t\t\t\t\t<span class=\"elementor-accordion-icon-closed\"><i class=\"fas fa-angle-right\"><\/i><\/span>\n\t\t\t\t\t\t\t\t<span class=\"elementor-accordion-icon-opened\"><i class=\"fas fa-angle-down\"><\/i><\/span>\n\t\t\t\t\t\t\t\t\t\t\t\t\t\t<\/span>\n\t\t\t\t\t\t\t\t\t\t\t\t<a class=\"elementor-accordion-title\" tabindex=\"0\">\u00bfC\u00f3mo se valoriza \/ cotiza esta plataforma y\/o servicio?<\/a>\n\t\t\t\t\t<\/div>\n\t\t\t\t\t<div id=\"elementor-tab-content-1541\" class=\"elementor-tab-content elementor-clearfix\" data-tab=\"1\" role=\"region\" aria-labelledby=\"elementor-tab-title-1541\"><p>Cada requerimiento lo analizamos caso a caso, ya que ira en funci\u00f3n de las horas hombre a destinar y esto se relaciona directamente con la \u201ccalidad y ordenamiento\u201d de la data que se nos proporcionar\u00e1. Nos reunimos 1-2 veces con el cliente (idealmente tanto con el \u00e1rea de HSE, como TI) para posteriormente mostrarles una propuesta t\u00e9cnica que discutimos en forma abierta para en 2 dias entregar una propuesta valorizada<\/p><\/div>\n\t\t\t\t<\/div>\n\t\t\t\t\t\t\t<div class=\"elementor-accordion-item\">\n\t\t\t\t\t<div id=\"elementor-tab-title-1542\" class=\"elementor-tab-title\" data-tab=\"2\" role=\"button\" aria-controls=\"elementor-tab-content-1542\" aria-expanded=\"false\">\n\t\t\t\t\t\t\t\t\t\t\t\t\t<span class=\"elementor-accordion-icon elementor-accordion-icon-right\" aria-hidden=\"true\">\n\t\t\t\t\t\t\t\t\t\t\t\t\t\t\t<span class=\"elementor-accordion-icon-closed\"><i class=\"fas fa-angle-right\"><\/i><\/span>\n\t\t\t\t\t\t\t\t<span class=\"elementor-accordion-icon-opened\"><i class=\"fas fa-angle-down\"><\/i><\/span>\n\t\t\t\t\t\t\t\t\t\t\t\t\t\t<\/span>\n\t\t\t\t\t\t\t\t\t\t\t\t<a class=\"elementor-accordion-title\" tabindex=\"0\">\u00bfTiempo de implementaci\u00f3n? <\/a>\n\t\t\t\t\t<\/div>\n\t\t\t\t\t<div id=\"elementor-tab-content-1542\" class=\"elementor-tab-content elementor-clearfix\" data-tab=\"2\" role=\"region\" aria-labelledby=\"elementor-tab-title-1542\"><p>Trabajamos mediante metodolog\u00eda Agile, con lo cual al cabo del desarrollo del segundo Sprint ya somos capaces de mostrar cambios sustanciales en el procesamiento de la data asociada a HSE. Todo esto lo estamos logrando al cabo de 6-8 semanas. Obviamente que los plazos iran en funci\u00f3n de los entregables definidos en la etapa de dise\u00f1o de la soluci\u00f3n en base a los requerimientos particulares del cliente<\/p><\/div>\n\t\t\t\t<\/div>\n\t\t\t\t\t\t\t<div class=\"elementor-accordion-item\">\n\t\t\t\t\t<div id=\"elementor-tab-title-1543\" class=\"elementor-tab-title\" data-tab=\"3\" role=\"button\" aria-controls=\"elementor-tab-content-1543\" aria-expanded=\"false\">\n\t\t\t\t\t\t\t\t\t\t\t\t\t<span class=\"elementor-accordion-icon elementor-accordion-icon-right\" aria-hidden=\"true\">\n\t\t\t\t\t\t\t\t\t\t\t\t\t\t\t<span class=\"elementor-accordion-icon-closed\"><i class=\"fas fa-angle-right\"><\/i><\/span>\n\t\t\t\t\t\t\t\t<span class=\"elementor-accordion-icon-opened\"><i class=\"fas fa-angle-down\"><\/i><\/span>\n\t\t\t\t\t\t\t\t\t\t\t\t\t\t<\/span>\n\t\t\t\t\t\t\t\t\t\t\t\t<a class=\"elementor-accordion-title\" tabindex=\"0\">\u00bfLa herramienta es capaz de capturar datos de todo tipo de fuentes?<\/a>\n\t\t\t\t\t<\/div>\n\t\t\t\t\t<div id=\"elementor-tab-content-1543\" class=\"elementor-tab-content elementor-clearfix\" data-tab=\"3\" role=\"region\" aria-labelledby=\"elementor-tab-title-1543\"><p>Si, dado que nuestro equipo de expertos de anal\u00edtica tiene el conocimiento y capacidad para trabajar en m\u00faltiples ambientes. Sin embargo debemos indicar que cuando nos corresponde a nosotros el desarrollo elegimos Azure por ser partner ISV (Independant Software Vendor) de MSoft, no obstante podr\u00edamos trabajarlo en cualquier otra plataforma.<\/p><\/div>\n\t\t\t\t<\/div>\n\t\t\t\t\t\t\t<div class=\"elementor-accordion-item\">\n\t\t\t\t\t<div id=\"elementor-tab-title-1544\" class=\"elementor-tab-title\" data-tab=\"4\" role=\"button\" aria-controls=\"elementor-tab-content-1544\" aria-expanded=\"false\">\n\t\t\t\t\t\t\t\t\t\t\t\t\t<span class=\"elementor-accordion-icon elementor-accordion-icon-right\" aria-hidden=\"true\">\n\t\t\t\t\t\t\t\t\t\t\t\t\t\t\t<span class=\"elementor-accordion-icon-closed\"><i class=\"fas fa-angle-right\"><\/i><\/span>\n\t\t\t\t\t\t\t\t<span class=\"elementor-accordion-icon-opened\"><i class=\"fas fa-angle-down\"><\/i><\/span>\n\t\t\t\t\t\t\t\t\t\t\t\t\t\t<\/span>\n\t\t\t\t\t\t\t\t\t\t\t\t<a class=\"elementor-accordion-title\" tabindex=\"0\">\u00bfDe que manera se abarca la democratizaci\u00f3n de la plataforma?<\/a>\n\t\t\t\t\t<\/div>\n\t\t\t\t\t<div id=\"elementor-tab-content-1544\" class=\"elementor-tab-content elementor-clearfix\" data-tab=\"4\" role=\"region\" aria-labelledby=\"elementor-tab-title-1544\"><p>Con nuestro asistente virtual hemos logrado reducir cientos de horas de investigaci\u00f3n de incidentes, eliminando el sesgo del investigador, objetivizando la toma y an\u00e1lisis de datos, concatenando documentos, tales como controles, defensas y procedimientos relacionados a la misma. Todo esto permite reducir considerables (y de alto costo) horas hombre en este proceso. De este modo hacemos accesible una herramienta de alto nivel y hoy solo reservada para la miner\u00eda e industria de clase mundial al general de la industria, incluyendo a la peque\u00f1a y mediana empresa, aportando a la disminuci\u00f3n de accidentes.<\/p><\/div>\n\t\t\t\t<\/div>\n\t\t\t\t\t\t\t<div class=\"elementor-accordion-item\">\n\t\t\t\t\t<div id=\"elementor-tab-title-1545\" class=\"elementor-tab-title\" data-tab=\"5\" role=\"button\" aria-controls=\"elementor-tab-content-1545\" aria-expanded=\"false\">\n\t\t\t\t\t\t\t\t\t\t\t\t\t<span class=\"elementor-accordion-icon elementor-accordion-icon-right\" aria-hidden=\"true\">\n\t\t\t\t\t\t\t\t\t\t\t\t\t\t\t<span class=\"elementor-accordion-icon-closed\"><i class=\"fas fa-angle-right\"><\/i><\/span>\n\t\t\t\t\t\t\t\t<span class=\"elementor-accordion-icon-opened\"><i class=\"fas fa-angle-down\"><\/i><\/span>\n\t\t\t\t\t\t\t\t\t\t\t\t\t\t<\/span>\n\t\t\t\t\t\t\t\t\t\t\t\t<a class=\"elementor-accordion-title\" tabindex=\"0\">\u00bfCada proyecto se inicia con la carga de datos del cliente o se cuenta con alguna base de datos general para el entrenamiento inicial del robot virtual?<\/a>\n\t\t\t\t\t<\/div>\n\t\t\t\t\t<div id=\"elementor-tab-content-1545\" class=\"elementor-tab-content elementor-clearfix\" data-tab=\"5\" role=\"region\" aria-labelledby=\"elementor-tab-title-1545\"><p>Si, cada proyecto idealmente se carga (primero se \u201chigieniza\u201d) la data obtenida del cliente, pero en caso de que esta no sea suficiente y\/o de calidad, es complementada con los miles de incidentes e investigaciones que administramos en nuestra propia base de datos.<\/p><\/div>\n\t\t\t\t<\/div>\n\t\t\t\t\t\t\t<div class=\"elementor-accordion-item\">\n\t\t\t\t\t<div id=\"elementor-tab-title-1546\" class=\"elementor-tab-title\" data-tab=\"6\" role=\"button\" aria-controls=\"elementor-tab-content-1546\" aria-expanded=\"false\">\n\t\t\t\t\t\t\t\t\t\t\t\t\t<span class=\"elementor-accordion-icon elementor-accordion-icon-right\" aria-hidden=\"true\">\n\t\t\t\t\t\t\t\t\t\t\t\t\t\t\t<span class=\"elementor-accordion-icon-closed\"><i class=\"fas fa-angle-right\"><\/i><\/span>\n\t\t\t\t\t\t\t\t<span class=\"elementor-accordion-icon-opened\"><i class=\"fas fa-angle-down\"><\/i><\/span>\n\t\t\t\t\t\t\t\t\t\t\t\t\t\t<\/span>\n\t\t\t\t\t\t\t\t\t\t\t\t<a class=\"elementor-accordion-title\" tabindex=\"0\">Considerando la implementaci\u00f3n de todos los m\u00f3dulos que permitan optar a la anal\u00edtica prescriptiva de incidentes, \u00bfde que manera se vera reflejada la efectividad de la plataforma?<\/a>\n\t\t\t\t\t<\/div>\n\t\t\t\t\t<div id=\"elementor-tab-content-1546\" class=\"elementor-tab-content elementor-clearfix\" data-tab=\"6\" role=\"region\" aria-labelledby=\"elementor-tab-title-1546\"><p>Una manera directa ser\u00e1 ver la baja en la severidad y frecuencia de los incidentes asociados a la misma actividad. Es decir, a partir de un hist\u00f3rico de X meses, se podr\u00e1 observar el cambio de tendencia de una determinada conducta o desviaci\u00f3n. Otra manera ser\u00e1 la optimizaci\u00f3n del recurso de supervisi\u00f3n HSE, el cual estar\u00e1 enfocado 100% a las reales actividades que estad\u00edsticamente y por anal\u00edtica avanzada se indican como \u201cprecursoras\u201d de accidentes.<\/p><\/div>\n\t\t\t\t<\/div>\n\t\t\t\t\t\t\t\t<\/div>\n\t\t\t\t<\/div>\n\t\t\t\t<\/div>\n\t\t\t\t\t<\/div>\n\t\t<\/div>\n\t\t\t\t\t<\/div>\n\t\t<\/section>\n\t\t\t\t<\/div>\n\t\t","protected":false},"excerpt":{"rendered":"<p>Preguntas Frecuentes \u00bfC\u00f3mo se valoriza \/ cotiza esta plataforma y\/o servicio? Cada requerimiento lo analizamos caso a caso, ya que ira en funci\u00f3n de las horas hombre a destinar y esto se relaciona directamente con la \u201ccalidad y ordenamiento\u201d de la data que se nos proporcionar\u00e1. Nos reunimos 1-2 veces con el cliente (idealmente tanto [&hellip;]<\/p>\n","protected":false},"author":1,"featured_media":0,"parent":0,"menu_order":0,"comment_status":"closed","ping_status":"closed","template":"elementor_header_footer","meta":[],"yoast_head":"<!-- This site is optimized with the Yoast SEO plugin v19.6 - https:\/\/yoast.com\/wordpress\/plugins\/seo\/ -->\n<title>Preguntas Frecuentes - iCenit<\/title>\n<meta name=\"robots\" content=\"index, follow, max-snippet:-1, max-image-preview:large, max-video-preview:-1\" \/>\n<link rel=\"canonical\" href=\"https:\/\/icenit.ai\/?page_id=313\" \/>\n<meta property=\"og:locale\" content=\"es_ES\" \/>\n<meta property=\"og:type\" content=\"article\" \/>\n<meta property=\"og:title\" content=\"Preguntas Frecuentes - iCenit\" \/>\n<meta property=\"og:description\" content=\"Preguntas Frecuentes \u00bfC\u00f3mo se valoriza \/ cotiza esta plataforma y\/o servicio? Cada requerimiento lo analizamos caso a caso, ya que ira en funci\u00f3n de las horas hombre a destinar y esto se relaciona directamente con la \u201ccalidad y ordenamiento\u201d de la data que se nos proporcionar\u00e1. Nos reunimos 1-2 veces con el cliente (idealmente tanto [&hellip;]\" \/>\n<meta property=\"og:url\" content=\"https:\/\/icenit.ai\/?page_id=313\" \/>\n<meta property=\"og:site_name\" content=\"iCenit\" \/>\n<meta property=\"article:modified_time\" content=\"2022-08-04T18:23:58+00:00\" \/>\n<meta name=\"twitter:card\" content=\"summary_large_image\" \/>\n<meta name=\"twitter:label1\" content=\"Tiempo de lectura\" \/>\n\t<meta name=\"twitter:data1\" content=\"3 minutos\" \/>\n<script type=\"application\/ld+json\" class=\"yoast-schema-graph\">{\"@context\":\"https:\/\/schema.org\",\"@graph\":[{\"@type\":\"WebPage\",\"@id\":\"https:\/\/icenit.ai\/?page_id=313\",\"url\":\"https:\/\/icenit.ai\/?page_id=313\",\"name\":\"Preguntas Frecuentes - iCenit\",\"isPartOf\":{\"@id\":\"https:\/\/icenit.ai\/#website\"},\"datePublished\":\"2022-05-27T20:26:32+00:00\",\"dateModified\":\"2022-08-04T18:23:58+00:00\",\"breadcrumb\":{\"@id\":\"https:\/\/icenit.ai\/?page_id=313#breadcrumb\"},\"inLanguage\":\"es\",\"potentialAction\":[{\"@type\":\"ReadAction\",\"target\":[\"https:\/\/icenit.ai\/?page_id=313\"]}]},{\"@type\":\"BreadcrumbList\",\"@id\":\"https:\/\/icenit.ai\/?page_id=313#breadcrumb\",\"itemListElement\":[{\"@type\":\"ListItem\",\"position\":1,\"name\":\"Portada\",\"item\":\"https:\/\/icenit.ai\/\"},{\"@type\":\"ListItem\",\"position\":2,\"name\":\"Preguntas Frecuentes\"}]},{\"@type\":\"WebSite\",\"@id\":\"https:\/\/icenit.ai\/#website\",\"url\":\"https:\/\/icenit.ai\/\",\"name\":\"iCenit\",\"description\":\"IA APLICADA A ESTAD\u00cdSTICA AVANZADA HSE\",\"publisher\":{\"@id\":\"https:\/\/icenit.ai\/#organization\"},\"potentialAction\":[{\"@type\":\"SearchAction\",\"target\":{\"@type\":\"EntryPoint\",\"urlTemplate\":\"https:\/\/icenit.ai\/?s={search_term_string}\"},\"query-input\":\"required name=search_term_string\"}],\"inLanguage\":\"es\"},{\"@type\":\"Organization\",\"@id\":\"https:\/\/icenit.ai\/#organization\",\"name\":\"iCenit\",\"url\":\"https:\/\/icenit.ai\/\",\"sameAs\":[],\"logo\":{\"@type\":\"ImageObject\",\"inLanguage\":\"es\",\"@id\":\"https:\/\/icenit.ai\/#\/schema\/logo\/image\/\",\"url\":\"https:\/\/icenit.ai\/wp-content\/uploads\/2022\/05\/logo-icenit-1.png\",\"contentUrl\":\"https:\/\/icenit.ai\/wp-content\/uploads\/2022\/05\/logo-icenit-1.png\",\"width\":380,\"height\":124,\"caption\":\"iCenit\"},\"image\":{\"@id\":\"https:\/\/icenit.ai\/#\/schema\/logo\/image\/\"}}]}<\/script>\n<!-- \/ Yoast SEO plugin. -->","yoast_head_json":{"title":"Preguntas Frecuentes - iCenit","robots":{"index":"index","follow":"follow","max-snippet":"max-snippet:-1","max-image-preview":"max-image-preview:large","max-video-preview":"max-video-preview:-1"},"canonical":"https:\/\/icenit.ai\/?page_id=313","og_locale":"es_ES","og_type":"article","og_title":"Preguntas Frecuentes - iCenit","og_description":"Preguntas Frecuentes \u00bfC\u00f3mo se valoriza \/ cotiza esta plataforma y\/o servicio? Cada requerimiento lo analizamos caso a caso, ya que ira en funci\u00f3n de las horas hombre a destinar y esto se relaciona directamente con la \u201ccalidad y ordenamiento\u201d de la data que se nos proporcionar\u00e1. Nos reunimos 1-2 veces con el cliente (idealmente tanto [&hellip;]","og_url":"https:\/\/icenit.ai\/?page_id=313","og_site_name":"iCenit","article_modified_time":"2022-08-04T18:23:58+00:00","twitter_card":"summary_large_image","twitter_misc":{"Tiempo de lectura":"3 minutos"},"schema":{"@context":"https:\/\/schema.org","@graph":[{"@type":"WebPage","@id":"https:\/\/icenit.ai\/?page_id=313","url":"https:\/\/icenit.ai\/?page_id=313","name":"Preguntas Frecuentes - iCenit","isPartOf":{"@id":"https:\/\/icenit.ai\/#website"},"datePublished":"2022-05-27T20:26:32+00:00","dateModified":"2022-08-04T18:23:58+00:00","breadcrumb":{"@id":"https:\/\/icenit.ai\/?page_id=313#breadcrumb"},"inLanguage":"es","potentialAction":[{"@type":"ReadAction","target":["https:\/\/icenit.ai\/?page_id=313"]}]},{"@type":"BreadcrumbList","@id":"https:\/\/icenit.ai\/?page_id=313#breadcrumb","itemListElement":[{"@type":"ListItem","position":1,"name":"Portada","item":"https:\/\/icenit.ai\/"},{"@type":"ListItem","position":2,"name":"Preguntas Frecuentes"}]},{"@type":"WebSite","@id":"https:\/\/icenit.ai\/#website","url":"https:\/\/icenit.ai\/","name":"iCenit","description":"IA APLICADA A ESTAD\u00cdSTICA AVANZADA HSE","publisher":{"@id":"https:\/\/icenit.ai\/#organization"},"potentialAction":[{"@type":"SearchAction","target":{"@type":"EntryPoint","urlTemplate":"https:\/\/icenit.ai\/?s={search_term_string}"},"query-input":"required name=search_term_string"}],"inLanguage":"es"},{"@type":"Organization","@id":"https:\/\/icenit.ai\/#organization","name":"iCenit","url":"https:\/\/icenit.ai\/","sameAs":[],"logo":{"@type":"ImageObject","inLanguage":"es","@id":"https:\/\/icenit.ai\/#\/schema\/logo\/image\/","url":"https:\/\/icenit.ai\/wp-content\/uploads\/2022\/05\/logo-icenit-1.png","contentUrl":"https:\/\/icenit.ai\/wp-content\/uploads\/2022\/05\/logo-icenit-1.png","width":380,"height":124,"caption":"iCenit"},"image":{"@id":"https:\/\/icenit.ai\/#\/schema\/logo\/image\/"}}]}},"_links":{"self":[{"href":"https:\/\/icenit.ai\/index.php?rest_route=\/wp\/v2\/pages\/313"}],"collection":[{"href":"https:\/\/icenit.ai\/index.php?rest_route=\/wp\/v2\/pages"}],"about":[{"href":"https:\/\/icenit.ai\/index.php?rest_route=\/wp\/v2\/types\/page"}],"author":[{"embeddable":true,"href":"https:\/\/icenit.ai\/index.php?rest_route=\/wp\/v2\/users\/1"}],"replies":[{"embeddable":true,"href":"https:\/\/icenit.ai\/index.php?rest_route=%2Fwp%2Fv2%2Fcomments&post=313"}],"version-history":[{"count":52,"href":"https:\/\/icenit.ai\/index.php?rest_route=\/wp\/v2\/pages\/313\/revisions"}],"predecessor-version":[{"id":1039,"href":"https:\/\/icenit.ai\/index.php?rest_route=\/wp\/v2\/pages\/313\/revisions\/1039"}],"wp:attachment":[{"href":"https:\/\/icenit.ai\/index.php?rest_route=%2Fwp%2Fv2%2Fmedia&parent=313"}],"curies":[{"name":"wp","href":"https:\/\/api.w.org\/{rel}","templated":true}]}}